{"id":70,"date":"2021-04-18T18:54:08","date_gmt":"2021-04-18T18:54:08","guid":{"rendered":"https:\/\/insider.hogau.org\/?page_id=70"},"modified":"2021-06-10T08:43:28","modified_gmt":"2021-06-10T08:43:28","slug":"impressum","status":"publish","type":"page","link":"https:\/\/insider.hogau.org\/index.php\/impressum\/","title":{"rendered":"Impressum"},"content":{"rendered":"\n<p><strong>Herausgeber:<\/strong><\/p>\n\n\n\n<p>Redaktion der Sch\u00fclerzeitung <em>Insider<\/em><\/p>\n\n\n\n<p><strong>St\u00e4ndige Redakteure:<\/strong><\/p>\n\n\n\n<p>Zo\u00e9 Antes, Hami Bulut, Luzia Colberg, Dennis Dre\u00dfen, Aimy Irmler, Anton Mayer, Fiona Mayr, Selina Linder<\/p>\n\n\n\n<p><strong>Angaben gem\u00e4\u00df \u00a7 5 TMG:<\/strong><\/p>\n\n\n\n<p>Sch\u00fclerzeitung Insider<br>Colomanstra\u00dfe 10<br>87645 Schwangau<\/p>\n\n\n\n<p><strong>Kontakt:<\/strong><\/p>\n\n\n\n<p>Telefon: <a href=\"tel:+498362930050\">(0049) 08362 93005 \u2013 0<\/a><br>Email: <a href=\"mailto:verwaltung@gymnasium-hohenschwangau.de\">verwaltung@gymnasium-hohenschwangau.de<\/a><\/p>\n\n\n\n<p><strong>Verantwortlich f\u00fcr den Inhalt nach \u00a7 55 Abs. 2 RStV:<\/strong><\/p>\n\n\n\n<p>Jakob Rollik (V.i.S.d.P.)<br>jakob.rollik@gymhogau.de<br>Colomanstra\u00dfe 10<br>87645 Schwangau<\/p>\n\n\n\n<p><strong>Haftungsausschluss:<\/strong><\/p>\n\n\n\n<p>Haftung f\u00fcr Inhalte<\/p>\n\n\n\n<p>Als Diensteanbieter sind wir gem\u00e4\u00df \u00a7 7 Abs.1 TMG f\u00fcr eigene Inhalte auf diesen Seiten nach den allgemeinen Gesetzen verantwortlich. Nach \u00a7\u00a7 8 bis 10 TMG sind wir als Diensteanbieter jedoch nicht verpflichtet, \u00fcbermittelte oder gespeicherte fremde Informationen zu \u00fcberwachen oder nach Umst\u00e4nden zu forschen, die auf eine rechtswidrige T\u00e4tigkeit hinweisen. Verpflichtungen zur Entfernung oder Sperrung der Nutzung von Informationen nach den allgemeinen Gesetzen bleiben hiervon unber\u00fchrt. Eine diesbez\u00fcgliche Haftung ist jedoch erst ab dem Zeitpunkt der Kenntnis einer konkreten Rechtsverletzung m\u00f6glich. Bei Bekanntwerden von entsprechenden Rechtsverletzungen werden wir diese Inhalte umgehend entfernen.<\/p>\n\n\n\n<p>Urheberrecht<br>Die durch die Seitenbetreiber erstellten Inhalte und Werke auf diesen Seiten unterliegen dem deutschen Urheberrecht. Die Vervielf\u00e4ltigung, Bearbeitung, Verbreitung und jede Art der Verwertung au\u00dferhalb der Grenzen des Urheberrechtes bed\u00fcrfen der schriftlichen Zustimmung des jeweiligen Autors bzw. Erstellers. Downloads und Kopien dieser Seite sind nur f\u00fcr den privaten, nicht kommerziellen Gebrauch gestattet. Soweit die Inhalte auf dieser Seite nicht vom Betreiber erstellt wurden, werden die Urheberrechte Dritter beachtet. Insbesondere werden Inhalte Dritter als solche gekennzeichnet. Sollten Sie trotzdem auf eine Urheberrechtsverletzung aufmerksam werden, bitten wir um einen entsprechenden Hinweis. Bei Bekanntwerden von Rechtsverletzungen werden wir derartige Inhalte umgehend entfernen.<\/p>\n","protected":false},"excerpt":{"rendered":"<p>Herausgeber: Redaktion der Sch\u00fclerzeitung Insider St\u00e4ndige Redakteure: Zo\u00e9 Antes, Hami Bulut, Luzia Colberg, Dennis Dre\u00dfen, Aimy Irmler, Anton Mayer, Fiona Mayr, Selina Linder Angaben gem\u00e4\u00df \u00a7 5 TMG: Sch\u00fclerzeitung InsiderColomanstra\u00dfe [&hellip;]<\/p>\n","protected":false},"author":2,"featured_media":0,"parent":0,"menu_order":0,"comment_status":"closed","ping_status":"closed","template":"","meta":{"footnotes":""},"class_list":["post-70","page","type-page","status-publish","hentry"],"_links":{"self":[{"href":"https:\/\/insider.hogau.org\/index.php\/wp-json\/wp\/v2\/pages\/70","targetHints":{"allow":["GET"]}}],"collection":[{"href":"https:\/\/insider.hogau.org\/index.php\/wp-json\/wp\/v2\/pages"}],"about":[{"href":"https:\/\/insider.hogau.org\/index.php\/wp-json\/wp\/v2\/types\/page"}],"author":[{"embeddable":true,"href":"https:\/\/insider.hogau.org\/index.php\/wp-json\/wp\/v2\/users\/2"}],"replies":[{"embeddable":true,"href":"https:\/\/insider.hogau.org\/index.php\/wp-json\/wp\/v2\/comments?post=70"}],"version-history":[{"count":2,"href":"https:\/\/insider.hogau.org\/index.php\/wp-json\/wp\/v2\/pages\/70\/revisions"}],"predecessor-version":[{"id":606,"href":"https:\/\/insider.hogau.org\/index.php\/wp-json\/wp\/v2\/pages\/70\/revisions\/606"}],"wp:attachment":[{"href":"https:\/\/insider.hogau.org\/index.php\/wp-json\/wp\/v2\/media?parent=70"}],"curies":[{"name":"wp","href":"https:\/\/api.w.org\/{rel}","templated":true}]}}