{"id":2,"date":"2021-01-16T09:25:48","date_gmt":"2021-01-16T09:25:48","guid":{"rendered":"https:\/\/insider.hogau.org\/?page_id=2"},"modified":"2024-06-30T19:13:53","modified_gmt":"2024-06-30T17:13:53","slug":"sample-page","status":"publish","type":"page","link":"https:\/\/insider.hogau.org\/index.php\/sample-page\/","title":{"rendered":"\u00dcber uns"},"content":{"rendered":"\n<figure class=\"wp-block-image size-large\"><img fetchpriority=\"high\" decoding=\"async\" width=\"1024\" height=\"768\" src=\"https:\/\/insider.hogau.org\/wp-content\/uploads\/2024\/06\/image-4-1024x768.png\" alt=\"\" class=\"wp-image-856\" srcset=\"https:\/\/insider.hogau.org\/wp-content\/uploads\/2024\/06\/image-4-1024x768.png 1024w, https:\/\/insider.hogau.org\/wp-content\/uploads\/2024\/06\/image-4-300x225.png 300w, https:\/\/insider.hogau.org\/wp-content\/uploads\/2024\/06\/image-4-768x576.png 768w, https:\/\/insider.hogau.org\/wp-content\/uploads\/2024\/06\/image-4-1536x1152.png 1536w, https:\/\/insider.hogau.org\/wp-content\/uploads\/2024\/06\/image-4.png 2000w\" sizes=\"(max-width: 1024px) 100vw, 1024px\" \/><\/figure>\n\n\n\n<p>Liebe Sch\u00fclerinnen und Sch\u00fcler,&nbsp;&nbsp;<\/p>\n\n\n\n<p>nun ist es soweit, wir vom P-Seminar <em>Sch\u00fclerzeitung<\/em> haben f\u00fcr euch die Online-Sch\u00fclerzeitung wieder mit Leben gef\u00fcllt. Bestimmt wissen die j\u00fcngeren Sch\u00fclerinnen und Sch\u00fcler unseres Gymnasiums kaum noch, dass es auch schon in den vergangenen Jahren eine Sch\u00fclerzeitung in Papierform names <em>Peppermint<\/em> gab. Seit dem Schuljahr 2020\/21 erscheint die Zeitung nun im Online-Format unter dem Namen <em>Insider<\/em>. Diese haben wir f\u00fcr euch neu gestaltet.&nbsp;&nbsp;<\/p>\n\n\n\n<p>Mit dieser Online-Sch\u00fclerzeitung wollen wir euch \u00fcber vielf\u00e4ltige Inhalte informieren und euch Neuigkeiten aus dem Schulleben pr\u00e4sentieren: Von spannenden Erfahrungsberichten, aktuellen Brennpunkt-Themen, M\u00e4rchenstunden, lustigen Lehrerinterviews \u00fcber n\u00fctzliche \u201cLifehacks\u201d bis hin zu einem ganz neuen Podcast erwartet euch viel Lesens- und H\u00f6renswertes.&nbsp;&nbsp;<\/p>\n\n\n\n<p>Viel Vergn\u00fcgen beim Lesen und Zuh\u00f6ren!&nbsp;<\/p>\n\n\n\n<p>Euer <em>Insider<\/em>-Team&nbsp;&nbsp;<\/p>\n","protected":false},"excerpt":{"rendered":"<p>Liebe Sch\u00fclerinnen und Sch\u00fcler,&nbsp;&nbsp; nun ist es soweit, wir vom P-Seminar Sch\u00fclerzeitung haben f\u00fcr euch die Online-Sch\u00fclerzeitung wieder mit Leben gef\u00fcllt. Bestimmt wissen die j\u00fcngeren Sch\u00fclerinnen und Sch\u00fcler unseres Gymnasiums [&hellip;]<\/p>\n","protected":false},"author":1,"featured_media":0,"parent":0,"menu_order":0,"comment_status":"closed","ping_status":"open","template":"","meta":{"footnotes":""},"class_list":["post-2","page","type-page","status-publish","hentry"],"_links":{"self":[{"href":"https:\/\/insider.hogau.org\/index.php\/wp-json\/wp\/v2\/pages\/2","targetHints":{"allow":["GET"]}}],"collection":[{"href":"https:\/\/insider.hogau.org\/index.php\/wp-json\/wp\/v2\/pages"}],"about":[{"href":"https:\/\/insider.hogau.org\/index.php\/wp-json\/wp\/v2\/types\/page"}],"author":[{"embeddable":true,"href":"https:\/\/insider.hogau.org\/index.php\/wp-json\/wp\/v2\/users\/1"}],"replies":[{"embeddable":true,"href":"https:\/\/insider.hogau.org\/index.php\/wp-json\/wp\/v2\/comments?post=2"}],"version-history":[{"count":5,"href":"https:\/\/insider.hogau.org\/index.php\/wp-json\/wp\/v2\/pages\/2\/revisions"}],"predecessor-version":[{"id":857,"href":"https:\/\/insider.hogau.org\/index.php\/wp-json\/wp\/v2\/pages\/2\/revisions\/857"}],"wp:attachment":[{"href":"https:\/\/insider.hogau.org\/index.php\/wp-json\/wp\/v2\/media?parent=2"}],"curies":[{"name":"wp","href":"https:\/\/api.w.org\/{rel}","templated":true}]}}